{"id":4,"date":"2019-09-05T08:43:55","date_gmt":"2019-09-05T08:43:55","guid":{"rendered":"https:\/\/www.valplastshop.it\/?page_id=4"},"modified":"2025-12-16T15:08:33","modified_gmt":"2025-12-16T15:08:33","slug":"about","status":"publish","type":"page","link":"https:\/\/www.valplastshop.it\/?page_id=4","title":{"rendered":"Chi siamo"},"content":{"rendered":"<ul>\n<li>\n<p>        <img decoding=\"async\" src=\"\/wp-content\/uploads\/2025\/12\/home6.webp\" alt=\"\"><\/p>\n<h3>home6<\/h3>\n<\/li>\n<li>\n<p>        <img decoding=\"async\" src=\"\/wp-content\/uploads\/2025\/12\/home5.webp\" alt=\"\"><\/p>\n<h3>home5<\/h3>\n<\/li>\n<li>\n<p>        <img decoding=\"async\" src=\"\/wp-content\/uploads\/2025\/12\/home4.webp\" alt=\"\"><\/p>\n<h3>home4<\/h3>\n<\/li>\n<li>\n<p>        <img decoding=\"async\" src=\"\/wp-content\/uploads\/2025\/12\/home3.webp\" alt=\"\"><\/p>\n<h3>home3<\/h3>\n<\/li>\n<li>\n<p>        <img decoding=\"async\" src=\"\/wp-content\/uploads\/2025\/12\/home2.webp\" alt=\"\"><\/p>\n<h3>home2<\/h3>\n<\/li>\n<li>\n<p>        <img decoding=\"async\" src=\"\/wp-content\/uploads\/2025\/12\/home1.webp\" alt=\"\"><\/p>\n<h3>home1<\/h3>\n<\/li>\n<\/ul>\n<h1>Chi siamo<\/h1>\n<div>\n<p style=\"text-align: center;\">Presenti da oltre trent&#8217;anni, il nostro marchio \u00e8 sinonimo di professionalit\u00e0 e competenza. <br \/>Sei anni fa \u00e8 subentrata la nuova gestione con D&amp;D Constructors, proprio grazie a questa integrazione abbiamo potenziato il nostro valore nel settore edile, offrendo soluzioni pratiche e di alta qualit\u00e0.<\/p>\n<p style=\"text-align: center;\">L\u2019esperienza tecnica di Rudy e la dedizione di Monica nel seguire e consigliare i clienti ci hanno permesso di elevare i nostri standard di servizio. Il nostro punto vendita si trova a Borgosesia in Corso Vercelli.<\/p>\n<p style=\"text-align: center;\">Si tratta di un locale caratterizzato da ampie vetrine che invitano i clienti a scoprire la nostra vasta gamma di prodotti. Offriamo una selezione diversificata di materiali plastici, coperture in policarbonato o pvc, gomme, linoleum e pavimenti in PVC. Oltre a questo, mettiamo a disposizione una serie di servizi completi di vendita e assistenza per il montaggio e smontaggio di tende da esterno, avvolgibili, tende veneziane, zanzariere.<\/p>\n<p style=\"text-align: center;\">Nel nostro negozio troverete anche un ricco assortimento di articoli per la casa, inclusi casalinghi, tappeti e passatoie. Proponiamo diverse soluzioni per migliorare sia l&#8217;interno che l&#8217;esterno della vostra abitazione, offrendo idee innovative e pratiche per il vostro giardino e gli spazi esterni. Vi invitiamo a visitare il nostro punto vendita per scoprire tutte le novit\u00e0 e approfittare della nostra esperienza e professionalit\u00e0 per rendere la vostra casa ancora pi\u00f9 accogliente e funzionale.<\/p>\n<\/div>\n<hr>\n<h1>I nostri servizi<\/h1>\n<ul>\n<li>\n<div>\n<p>Tende da Sole<\/p>\n<\/div>\n<\/li>\n<li>\n<div>\n<p>Tende Veneziane<\/p>\n<\/div>\n<\/li>\n<li>\n<div>\n<p>Zanzariere<\/p>\n<\/div>\n<\/li>\n<li>\n<div>\n<p>Avvolgibili<\/p>\n<\/div>\n<\/li>\n<li>\n<div>\n<p>Coperture il policarbonato o PVC<\/p>\n<\/div>\n<\/li>\n<\/ul>\n<p><!--more--><br \/>\n<!-- {\"type\":\"layout\",\"children\":[{\"name\":\"Hero\",\"type\":\"section\",\"props\":{\"header_transparent_noplaceholder\":false,\"image_position\":\"center-center\",\"padding\":\"xsmall\",\"padding_remove_bottom\":false,\"padding_remove_top\":false,\"style\":\"default\",\"title_breakpoint\":\"xl\",\"title_position\":\"top-left\",\"title_rotation\":\"left\",\"vertical_align\":\"\",\"width\":\"\"},\"children\":[{\"type\":\"row\",\"props\":{\"margin_remove_top\":true},\"children\":[{\"type\":\"column\",\"props\":{\"image_position\":\"center-center\",\"position_sticky_breakpoint\":\"m\",\"width_medium\":\"1-1\"},\"children\":[{\"type\":\"grid\",\"props\":{\"content_column_breakpoint\":\"m\",\"filter_align\":\"left\",\"filter_all\":true,\"filter_grid_breakpoint\":\"m\",\"filter_grid_width\":\"auto\",\"filter_position\":\"top\",\"filter_style\":\"tab\",\"grid_column_gap\":\"small\",\"grid_default\":\"1\",\"grid_medium\":\"6\",\"grid_row_gap\":\"small\",\"icon_width\":80,\"image_align\":\"top\",\"image_grid_breakpoint\":\"m\",\"image_grid_width\":\"1-2\",\"image_height\":\"600\",\"image_svg_color\":\"emphasis\",\"image_width\":\"600\",\"item_animation\":true,\"lightbox_bg_close\":true,\"link_style\":\"default\",\"link_text\":\"Read more\",\"margin\":\"default\",\"meta_align\":\"below-title\",\"meta_element\":\"div\",\"meta_style\":\"text-meta\",\"parallax_easing\":\"1\",\"show_content\":true,\"show_hover_image\":true,\"show_hover_video\":true,\"show_image\":true,\"show_link\":true,\"show_meta\":true,\"show_title\":false,\"show_video\":true,\"text_align\":\"center\",\"title_align\":\"top\",\"title_element\":\"h3\",\"title_grid_breakpoint\":\"m\",\"title_grid_width\":\"1-2\",\"title_hover_style\":\"reset\",\"title_style\":\"h4\"},\"children\":[{\"type\":\"grid_item\",\"props\":{\"image\":\"wp-content\\\/uploads\\\/2025\\\/12\\\/home6.webp\",\"title\":\"home6\"}},{\"type\":\"grid_item\",\"props\":{\"image\":\"wp-content\\\/uploads\\\/2025\\\/12\\\/home5.webp\",\"title\":\"home5\"}},{\"type\":\"grid_item\",\"props\":{\"image\":\"wp-content\\\/uploads\\\/2025\\\/12\\\/home4.webp\",\"title\":\"home4\"}},{\"type\":\"grid_item\",\"props\":{\"image\":\"wp-content\\\/uploads\\\/2025\\\/12\\\/home3.webp\",\"title\":\"home3\"}},{\"type\":\"grid_item\",\"props\":{\"image\":\"wp-content\\\/uploads\\\/2025\\\/12\\\/home2.webp\",\"title\":\"home2\"}},{\"type\":\"grid_item\",\"props\":{\"image\":\"wp-content\\\/uploads\\\/2025\\\/12\\\/home1.webp\",\"title\":\"home1\"}}]}]}]}]},{\"name\":\"Heading\",\"type\":\"section\",\"props\":{\"css\":\"@media(max-width: 959px) {\\n\\n    .el-section > * {\\n        background-position: 0 0;\\n    }\\n\\n}\",\"image_position\":\"center-center\",\"style\":\"default\",\"title_breakpoint\":\"xl\",\"title_position\":\"top-left\",\"title_rotation\":\"left\",\"vertical_align\":\"\",\"width\":\"default\"},\"children\":[{\"type\":\"row\",\"children\":[{\"type\":\"column\",\"props\":{\"image_position\":\"center-center\",\"position_sticky_breakpoint\":\"m\",\"width_medium\":\"1-1\"},\"children\":[{\"type\":\"headline\",\"props\":{\"content\":\"Chi siamo\",\"text_align\":\"center\",\"title_element\":\"h1\",\"title_style\":\"h2\"}},{\"type\":\"text\",\"props\":{\"column_breakpoint\":\"m\",\"content\":\"\n\n<p style=\\\"text-align: center;\\\">Presenti da oltre trent'anni, il nostro marchio \\u00e8 sinonimo di professionalit\\u00e0 e competenza. <br \\\/>Sei anni fa \\u00e8 subentrata la nuova gestione con D&amp;D Constructors, proprio grazie a questa integrazione abbiamo potenziato il nostro valore nel settore edile, offrendo soluzioni pratiche e di alta qualit\\u00e0.<\\\/p>\\n\n\n<p style=\\\"text-align: center;\\\">L\\u2019esperienza tecnica di Rudy e la dedizione di Monica nel seguire e consigliare i clienti ci hanno permesso di elevare i nostri standard di servizio. Il nostro punto vendita si trova a Borgosesia in Corso Vercelli.<\\\/p>\\n\n\n<p style=\\\"text-align: center;\\\">Si tratta di un locale caratterizzato da ampie vetrine che invitano i clienti a scoprire la nostra vasta gamma di prodotti. Offriamo una selezione diversificata di materiali plastici, coperture in policarbonato o pvc, gomme, linoleum e pavimenti in PVC. Oltre a questo, mettiamo a disposizione una serie di servizi completi di vendita e assistenza per il montaggio e smontaggio di tende da esterno, avvolgibili, tende veneziane, zanzariere.<\\\/p>\\n\n\n<p style=\\\"text-align: center;\\\">Nel nostro negozio troverete anche un ricco assortimento di articoli per la casa, inclusi casalinghi, tappeti e passatoie. Proponiamo diverse soluzioni per migliorare sia l'interno che l'esterno della vostra abitazione, offrendo idee innovative e pratiche per il vostro giardino e gli spazi esterni. Vi invitiamo a visitare il nostro punto vendita per scoprire tutte le novit\\u00e0 e approfittare della nostra esperienza e professionalit\\u00e0 per rendere la vostra casa ancora pi\\u00f9 accogliente e funzionale.<\\\/p>\",\"margin\":\"default\"}},{\"type\":\"divider\",\"props\":{\"divider_element\":\"hr\",\"divider_style\":\"icon\"}}]}]}]},{\"name\":\"Heading\",\"type\":\"section\",\"props\":{\"css\":\"@media(max-width: 959px) {\\n\\n    .el-section > * {\\n        background-position: 0 0;\\n    }\\n\\n}\",\"image_position\":\"center-center\",\"padding\":\"small\",\"style\":\"default\",\"title_breakpoint\":\"xl\",\"title_position\":\"top-left\",\"title_rotation\":\"left\",\"vertical_align\":\"\",\"width\":\"xlarge\"},\"children\":[{\"type\":\"row\",\"children\":[{\"type\":\"column\",\"props\":{\"image_position\":\"center-center\",\"position_sticky_breakpoint\":\"m\",\"width_medium\":\"1-1\"},\"children\":[{\"type\":\"headline\",\"props\":{\"content\":\"I nostri servizi\",\"text_align\":\"center\",\"title_element\":\"h1\",\"title_style\":\"h2\"}},{\"type\":\"list\",\"props\":{\"column_breakpoint\":\"m\",\"image_align\":\"left\",\"image_svg_color\":\"emphasis\",\"image_vertical_align\":true,\"list_element\":\"ul\",\"list_horizontal_separator\":\", \",\"list_style\":\"striped\",\"list_type\":\"vertical\",\"show_image\":true,\"show_link\":true,\"text_align\":\"center\"},\"children\":[{\"type\":\"list_item\",\"props\":{\"content\":\"\n\n<p>Tende da Sole<\\\/p>\"}},{\"type\":\"list_item\",\"props\":{\"content\":\"\n\n<p>Tende Veneziane<\\\/p>\"}},{\"type\":\"list_item\",\"props\":{\"content\":\"\n\n<p>Zanzariere<\\\/p>\"}},{\"type\":\"list_item\",\"props\":{\"content\":\"\n\n<p>Avvolgibili<\\\/p>\"}},{\"type\":\"list_item\",\"props\":{\"content\":\"\n\n<p>Coperture il policarbonato o PVC<\\\/p>\"}}]}]}]}]}],\"version\":\"4.5.21\"} --><\/p>\n","protected":false},"excerpt":{"rendered":"<p>home6 home5 home4 home3 home2 home1 Chi siamo Presenti da oltre trent&#8217;anni, il nostro marchio \u00e8 sinonimo di professionalit\u00e0 e competenza. Sei anni fa \u00e8 subentrata la nuova gestione con D&amp;D Constructors, proprio grazie a questa integrazione abbiamo potenziato il nostro valore nel settore edile, offrendo soluzioni pratiche e di alta qualit\u00e0. L\u2019esperienza tecnica di [&hellip;]<\/p>\n","protected":false},"author":1,"featured_media":0,"parent":0,"menu_order":12,"comment_status":"closed","ping_status":"closed","template":"","meta":{"_acf_changed":false,"footnotes":""},"class_list":["post-4","page","type-page","status-publish","hentry"],"acf":[],"_links":{"self":[{"href":"https:\/\/www.valplastshop.it\/index.php?rest_route=\/wp\/v2\/pages\/4","targetHints":{"allow":["GET"]}}],"collection":[{"href":"https:\/\/www.valplastshop.it\/index.php?rest_route=\/wp\/v2\/pages"}],"about":[{"href":"https:\/\/www.valplastshop.it\/index.php?rest_route=\/wp\/v2\/types\/page"}],"author":[{"embeddable":true,"href":"https:\/\/www.valplastshop.it\/index.php?rest_route=\/wp\/v2\/users\/1"}],"replies":[{"embeddable":true,"href":"https:\/\/www.valplastshop.it\/index.php?rest_route=%2Fwp%2Fv2%2Fcomments&post=4"}],"version-history":[{"count":6,"href":"https:\/\/www.valplastshop.it\/index.php?rest_route=\/wp\/v2\/pages\/4\/revisions"}],"predecessor-version":[{"id":4237,"href":"https:\/\/www.valplastshop.it\/index.php?rest_route=\/wp\/v2\/pages\/4\/revisions\/4237"}],"wp:attachment":[{"href":"https:\/\/www.valplastshop.it\/index.php?rest_route=%2Fwp%2Fv2%2Fmedia&parent=4"}],"curies":[{"name":"wp","href":"https:\/\/api.w.org\/{rel}","templated":true}]}}